{"id":204,"date":"2024-12-19T16:56:03","date_gmt":"2024-12-19T15:56:03","guid":{"rendered":"https:\/\/pec.no\/stokke-rorhandel\/kundeservice\/"},"modified":"2025-01-13T12:40:32","modified_gmt":"2025-01-13T11:40:32","slug":"kundeservice","status":"publish","type":"page","link":"https:\/\/pec.no\/stokke-rorhandel\/kundeservice\/","title":{"rendered":"Kundeservice"},"content":{"rendered":"\t\t<div data-elementor-type=\"wp-page\" data-elementor-id=\"204\" class=\"elementor elementor-204\" data-elementor-post-type=\"page\">\n\t\t\t\t<div class=\"elementor-element elementor-element-6b05430e e-flex e-con-boxed e-con e-parent\" data-id=\"6b05430e\" data-element_type=\"container\" data-e-type=\"container\" data-settings=\"{&quot;background_background&quot;:&quot;classic&quot;}\">\n\t\t\t\t\t<div class=\"e-con-inner\">\n\t\t\t\t\t<\/div>\n\t\t\t\t<\/div>\n\t\t<div class=\"elementor-element elementor-element-560e3dd6 e-flex e-con-boxed e-con e-parent\" data-id=\"560e3dd6\" data-element_type=\"container\" data-e-type=\"container\">\n\t\t\t\t\t<div class=\"e-con-inner\">\n\t\t<div class=\"elementor-element elementor-element-10ceda29 e-con-full e-flex e-con e-child\" data-id=\"10ceda29\" data-element_type=\"container\" data-e-type=\"container\" data-settings=\"{&quot;background_background&quot;:&quot;classic&quot;}\">\n\t\t<div class=\"elementor-element elementor-element-36d5e551 e-con-full e-flex e-con e-child\" data-id=\"36d5e551\" data-element_type=\"container\" data-e-type=\"container\">\n\t\t\t\t<div class=\"elementor-element elementor-element-3e1c7f7 elementor-view-default elementor-widget elementor-widget-icon\" data-id=\"3e1c7f7\" data-element_type=\"widget\" data-e-type=\"widget\" data-widget_type=\"icon.default\">\n\t\t\t\t<div class=\"elementor-widget-container\">\n\t\t\t\t\t\t\t<div class=\"elementor-icon-wrapper\">\n\t\t\t<div class=\"elementor-icon\">\n\t\t\t<svg xmlns=\"http:\/\/www.w3.org\/2000\/svg\" height=\"24px\" viewBox=\"0 -960 960 960\" width=\"24px\" fill=\"#EC2224\"><path d=\"m480-80-10-120h-10q-142 0-241-99t-99-241q0-142 99-241t241-99q71 0 132.5 26.5t108 73q46.5 46.5 73 108T800-540q0 75-24.5 144t-67 128q-42.5 59-101 107T480-80Zm80-146q71-60 115.5-140.5T720-540q0-109-75.5-184.5T460-800q-109 0-184.5 75.5T200-540q0 109 75.5 184.5T460-280h100v54Zm-101-95q17 0 29-12t12-29q0-17-12-29t-29-12q-17 0-29 12t-12 29q0 17 12 29t29 12Zm-29-127h60q0-30 6-42t38-44q18-18 30-39t12-45q0-51-34.5-76.5T460-720q-44 0-74 24.5T344-636l56 22q5-17 19-33.5t41-16.5q27 0 40.5 15t13.5 33q0 17-10 30.5T480-558q-35 30-42.5 47.5T430-448Zm30-65Z\"><\/path><\/svg>\t\t\t<\/div>\n\t\t<\/div>\n\t\t\t\t\t\t<\/div>\n\t\t\t\t<\/div>\n\t\t\t\t<\/div>\n\t\t<div class=\"elementor-element elementor-element-3c92fd77 e-con-full e-flex e-con e-child\" data-id=\"3c92fd77\" data-element_type=\"container\" data-e-type=\"container\">\n\t\t\t\t<div class=\"elementor-element elementor-element-20e5ad09 elementor-widget elementor-widget-heading\" data-id=\"20e5ad09\" data-element_type=\"widget\" data-e-type=\"widget\" data-widget_type=\"heading.default\">\n\t\t\t\t<div class=\"elementor-widget-container\">\n\t\t\t\t\t<h2 class=\"elementor-heading-title elementor-size-default\">Hva kan vi hjelpe deg med?<\/h2>\t\t\t\t<\/div>\n\t\t\t\t<\/div>\n\t\t\t\t<\/div>\n\t\t\t\t<\/div>\n\t\t\t\t\t<\/div>\n\t\t\t\t<\/div>\n\t\t<div class=\"elementor-element elementor-element-40eeb3c8 e-flex e-con-boxed e-con e-parent\" data-id=\"40eeb3c8\" data-element_type=\"container\" data-e-type=\"container\" data-settings=\"{&quot;background_background&quot;:&quot;classic&quot;}\">\n\t\t\t\t\t<div class=\"e-con-inner\">\n\t\t<div class=\"elementor-element elementor-element-63b039dc e-con-full e-flex e-con e-child\" data-id=\"63b039dc\" data-element_type=\"container\" data-e-type=\"container\" data-settings=\"{&quot;background_background&quot;:&quot;classic&quot;}\">\n\t\t\t\t<div class=\"elementor-element elementor-element-e002c3 elementor-view-default elementor-widget elementor-widget-icon\" data-id=\"e002c3\" data-element_type=\"widget\" data-e-type=\"widget\" data-widget_type=\"icon.default\">\n\t\t\t\t<div class=\"elementor-widget-container\">\n\t\t\t\t\t\t\t<div class=\"elementor-icon-wrapper\">\n\t\t\t<div class=\"elementor-icon\">\n\t\t\t<svg xmlns=\"http:\/\/www.w3.org\/2000\/svg\" height=\"24px\" viewBox=\"0 -960 960 960\" width=\"24px\" fill=\"#EC2224\"><path d=\"M200-800v640-640 200-200Zm80 400h147q11-23 25.5-43t32.5-37H280v80Zm0 160h123q-3-20-3-40t3-40H280v80ZM200-80q-33 0-56.5-23.5T120-160v-640q0-33 23.5-56.5T200-880h320l240 240v92q-19-6-39-9t-41-3v-40H480v-200H200v640h227q11 23 25.5 43T485-80H200Zm480-400q83 0 141.5 58.5T880-280q0 83-58.5 141.5T680-80q-83 0-141.5-58.5T480-280q0-83 58.5-141.5T680-480Zm0 320q11 0 18.5-7.5T706-186q0-11-7.5-18.5T680-212q-11 0-18.5 7.5T654-186q0 11 7.5 18.5T680-160Zm-18-76h36v-10q0-11 6-19.5t14-16.5q14-12 22-23t8-31q0-29-19-46.5T680-400q-23 0-41.5 13.5T612-350l32 14q3-12 12.5-21t23.5-9q15 0 23.5 7.5T712-336q0 11-6 18.5T692-302q-6 6-12.5 12T668-276q-3 6-4.5 12t-1.5 14v14Z\"><\/path><\/svg>\t\t\t<\/div>\n\t\t<\/div>\n\t\t\t\t\t\t<\/div>\n\t\t\t\t<\/div>\n\t\t\t\t<div class=\"elementor-element elementor-element-1d97c3ed elementor-widget elementor-widget-heading\" data-id=\"1d97c3ed\" data-element_type=\"widget\" data-e-type=\"widget\" data-widget_type=\"heading.default\">\n\t\t\t\t<div class=\"elementor-widget-container\">\n\t\t\t\t\t<h2 class=\"elementor-heading-title elementor-size-default\">Betaling \/ Faktura<\/h2>\t\t\t\t<\/div>\n\t\t\t\t<\/div>\n\t\t\t\t<div class=\"elementor-element elementor-element-521af5bf elementor-widget elementor-widget-text-editor\" data-id=\"521af5bf\" data-element_type=\"widget\" data-e-type=\"widget\" data-widget_type=\"text-editor.default\">\n\t\t\t\t<div class=\"elementor-widget-container\">\n\t\t\t\t\t\t\t\t\t<p>Har du sp\u00f8rsm\u00e5l ang\u00e5ende betaling eller faktura?<\/p>\t\t\t\t\t\t\t\t<\/div>\n\t\t\t\t<\/div>\n\t\t\t\t<div class=\"elementor-element elementor-element-239cbae6 elementor-position-inline-end elementor-view-default elementor-mobile-position-block-start elementor-widget elementor-widget-icon-box\" data-id=\"239cbae6\" data-element_type=\"widget\" data-e-type=\"widget\" data-widget_type=\"icon-box.default\">\n\t\t\t\t<div class=\"elementor-widget-container\">\n\t\t\t\t\t\t\t<div class=\"elementor-icon-box-wrapper\">\n\n\t\t\t\t\t\t<div class=\"elementor-icon-box-icon\">\n\t\t\t\t<a href=\"tel:40002393\" class=\"elementor-icon\" tabindex=\"-1\" aria-label=\"Ring oss - 400 02 393\">\n\t\t\t\t<svg xmlns=\"http:\/\/www.w3.org\/2000\/svg\" width=\"35\" height=\"23\" viewBox=\"0 0 35 23\" fill=\"none\"><g clip-path=\"url(#clip0_63_2628)\"><path d=\"M21.3809 1.50513L31.3809 11.5051L21.3809 21.5051\" stroke=\"black\" stroke-width=\"2\" stroke-miterlimit=\"10\"><\/path><path d=\"M29.5801 11.5049L8.01086e-05 11.5049\" stroke=\"black\" stroke-width=\"2\" stroke-miterlimit=\"10\"><\/path><\/g><defs><clipPath id=\"clip0_63_2628\"><rect width=\"34.21\" height=\"22.83\" fill=\"white\" transform=\"translate(34.2109 22.915) rotate(180)\"><\/rect><\/clipPath><\/defs><\/svg>\t\t\t\t<\/a>\n\t\t\t<\/div>\n\t\t\t\n\t\t\t\t\t\t<div class=\"elementor-icon-box-content\">\n\n\t\t\t\t\t\t\t\t\t<span class=\"elementor-icon-box-title\">\n\t\t\t\t\t\t<a href=\"tel:40002393\" >\n\t\t\t\t\t\t\tRing oss - 400 02 393\t\t\t\t\t\t<\/a>\n\t\t\t\t\t<\/span>\n\t\t\t\t\n\t\t\t\t\n\t\t\t<\/div>\n\t\t\t\n\t\t<\/div>\n\t\t\t\t\t\t<\/div>\n\t\t\t\t<\/div>\n\t\t\t\t<\/div>\n\t\t<a class=\"elementor-element elementor-element-6cbd3d02 e-con-full e-flex e-con e-child\" data-id=\"6cbd3d02\" data-element_type=\"container\" data-e-type=\"container\" data-settings=\"{&quot;background_background&quot;:&quot;classic&quot;}\" href=\"https:\/\/pec.no\/stokke-rorhandel\/kundeservice\/reklamasjon\/\">\n\t\t\t\t<div class=\"elementor-element elementor-element-359a5ed3 elementor-view-default elementor-widget elementor-widget-icon\" data-id=\"359a5ed3\" data-element_type=\"widget\" data-e-type=\"widget\" data-widget_type=\"icon.default\">\n\t\t\t\t<div class=\"elementor-widget-container\">\n\t\t\t\t\t\t\t<div class=\"elementor-icon-wrapper\">\n\t\t\t<div class=\"elementor-icon\">\n\t\t\t<svg xmlns=\"http:\/\/www.w3.org\/2000\/svg\" height=\"24px\" viewBox=\"0 -960 960 960\" width=\"24px\" fill=\"#EC2224\"><path d=\"M280-160 80-360l200-200 56 57-103 103h287v80H233l103 103-56 57Zm400-240-56-57 103-103H440v-80h287L624-743l56-57 200 200-200 200Z\"><\/path><\/svg>\t\t\t<\/div>\n\t\t<\/div>\n\t\t\t\t\t\t<\/div>\n\t\t\t\t<\/div>\n\t\t\t\t<div class=\"elementor-element elementor-element-5efedb02 elementor-widget elementor-widget-heading\" data-id=\"5efedb02\" data-element_type=\"widget\" data-e-type=\"widget\" data-widget_type=\"heading.default\">\n\t\t\t\t<div class=\"elementor-widget-container\">\n\t\t\t\t\t<h2 class=\"elementor-heading-title elementor-size-default\">Reklamasjon<\/h2>\t\t\t\t<\/div>\n\t\t\t\t<\/div>\n\t\t\t\t<div class=\"elementor-element elementor-element-6eb63c04 elementor-widget elementor-widget-text-editor\" data-id=\"6eb63c04\" data-element_type=\"widget\" data-e-type=\"widget\" data-widget_type=\"text-editor.default\">\n\t\t\t\t<div class=\"elementor-widget-container\">\n\t\t\t\t\t\t\t\t\t<p>Har du sp\u00f8rsm\u00e5l ang\u00e5ende retur \/ reklamasjon?<\/p>\t\t\t\t\t\t\t\t<\/div>\n\t\t\t\t<\/div>\n\t\t\t\t<div class=\"elementor-element elementor-element-55de733c elementor-position-inline-end elementor-view-default elementor-mobile-position-block-start elementor-widget elementor-widget-icon-box\" data-id=\"55de733c\" data-element_type=\"widget\" data-e-type=\"widget\" data-widget_type=\"icon-box.default\">\n\t\t\t\t<div class=\"elementor-widget-container\">\n\t\t\t\t\t\t\t<div class=\"elementor-icon-box-wrapper\">\n\n\t\t\t\t\t\t<div class=\"elementor-icon-box-icon\">\n\t\t\t\t<span  class=\"elementor-icon\">\n\t\t\t\t<svg xmlns=\"http:\/\/www.w3.org\/2000\/svg\" width=\"35\" height=\"23\" viewBox=\"0 0 35 23\" fill=\"none\"><g clip-path=\"url(#clip0_63_2628)\"><path d=\"M21.3809 1.50513L31.3809 11.5051L21.3809 21.5051\" stroke=\"black\" stroke-width=\"2\" stroke-miterlimit=\"10\"><\/path><path d=\"M29.5801 11.5049L8.01086e-05 11.5049\" stroke=\"black\" stroke-width=\"2\" stroke-miterlimit=\"10\"><\/path><\/g><defs><clipPath id=\"clip0_63_2628\"><rect width=\"34.21\" height=\"22.83\" fill=\"white\" transform=\"translate(34.2109 22.915) rotate(180)\"><\/rect><\/clipPath><\/defs><\/svg>\t\t\t\t<\/span>\n\t\t\t<\/div>\n\t\t\t\n\t\t\t\t\t\t<div class=\"elementor-icon-box-content\">\n\n\t\t\t\t\t\t\t\t\t<span class=\"elementor-icon-box-title\">\n\t\t\t\t\t\t<span  >\n\t\t\t\t\t\t\tLes mer om reklamasjon\t\t\t\t\t\t<\/span>\n\t\t\t\t\t<\/span>\n\t\t\t\t\n\t\t\t\t\n\t\t\t<\/div>\n\t\t\t\n\t\t<\/div>\n\t\t\t\t\t\t<\/div>\n\t\t\t\t<\/div>\n\t\t\t\t<\/a>\n\t\t<a class=\"elementor-element elementor-element-6382f216 e-con-full e-flex e-con e-child\" data-id=\"6382f216\" data-element_type=\"container\" data-e-type=\"container\" data-settings=\"{&quot;background_background&quot;:&quot;classic&quot;}\" href=\"https:\/\/pec.no\/stokke-rorhandel\/kundeservice\/produkthjelp\/\">\n\t\t\t\t<div class=\"elementor-element elementor-element-29583f6b elementor-view-default elementor-widget elementor-widget-icon\" data-id=\"29583f6b\" data-element_type=\"widget\" data-e-type=\"widget\" data-widget_type=\"icon.default\">\n\t\t\t\t<div class=\"elementor-widget-container\">\n\t\t\t\t\t\t\t<div class=\"elementor-icon-wrapper\">\n\t\t\t<div class=\"elementor-icon\">\n\t\t\t<svg xmlns=\"http:\/\/www.w3.org\/2000\/svg\" height=\"24px\" viewBox=\"0 -960 960 960\" width=\"24px\" fill=\"#EC2224\"><path d=\"M660-160h40v-160h-40v160Zm20-200q8 0 14-6t6-14q0-8-6-14t-14-6q-8 0-14 6t-6 14q0 8 6 14t14 6ZM200-800v640-640 200-200Zm80 400h147q11-23 25.5-43t32.5-37H280v80Zm0 160h123q-3-20-3-40t3-40H280v80ZM200-80q-33 0-56.5-23.5T120-160v-640q0-33 23.5-56.5T200-880h320l240 240v92q-19-6-39-9t-41-3v-40H480v-200H200v640h227q11 23 25.5 43T485-80H200Zm480-400q83 0 141.5 58.5T880-280q0 83-58.5 141.5T680-80q-83 0-141.5-58.5T480-280q0-83 58.5-141.5T680-480Z\"><\/path><\/svg>\t\t\t<\/div>\n\t\t<\/div>\n\t\t\t\t\t\t<\/div>\n\t\t\t\t<\/div>\n\t\t\t\t<div class=\"elementor-element elementor-element-2b215605 elementor-widget elementor-widget-heading\" data-id=\"2b215605\" data-element_type=\"widget\" data-e-type=\"widget\" data-widget_type=\"heading.default\">\n\t\t\t\t<div class=\"elementor-widget-container\">\n\t\t\t\t\t<h2 class=\"elementor-heading-title elementor-size-default\">Produkthjelp<\/h2>\t\t\t\t<\/div>\n\t\t\t\t<\/div>\n\t\t\t\t<div class=\"elementor-element elementor-element-55c98a49 elementor-widget elementor-widget-text-editor\" data-id=\"55c98a49\" data-element_type=\"widget\" data-e-type=\"widget\" data-widget_type=\"text-editor.default\">\n\t\t\t\t<div class=\"elementor-widget-container\">\n\t\t\t\t\t\t\t\t\t<p>Fungerer ikke produktene som det skal?<\/p>\t\t\t\t\t\t\t\t<\/div>\n\t\t\t\t<\/div>\n\t\t\t\t<div class=\"elementor-element elementor-element-2620c03 elementor-position-inline-end elementor-view-default elementor-mobile-position-block-start elementor-widget elementor-widget-icon-box\" data-id=\"2620c03\" data-element_type=\"widget\" data-e-type=\"widget\" data-widget_type=\"icon-box.default\">\n\t\t\t\t<div class=\"elementor-widget-container\">\n\t\t\t\t\t\t\t<div class=\"elementor-icon-box-wrapper\">\n\n\t\t\t\t\t\t<div class=\"elementor-icon-box-icon\">\n\t\t\t\t<span  class=\"elementor-icon\">\n\t\t\t\t<svg xmlns=\"http:\/\/www.w3.org\/2000\/svg\" width=\"35\" height=\"23\" viewBox=\"0 0 35 23\" fill=\"none\"><g clip-path=\"url(#clip0_63_2628)\"><path d=\"M21.3809 1.50513L31.3809 11.5051L21.3809 21.5051\" stroke=\"black\" stroke-width=\"2\" stroke-miterlimit=\"10\"><\/path><path d=\"M29.5801 11.5049L8.01086e-05 11.5049\" stroke=\"black\" stroke-width=\"2\" stroke-miterlimit=\"10\"><\/path><\/g><defs><clipPath id=\"clip0_63_2628\"><rect width=\"34.21\" height=\"22.83\" fill=\"white\" transform=\"translate(34.2109 22.915) rotate(180)\"><\/rect><\/clipPath><\/defs><\/svg>\t\t\t\t<\/span>\n\t\t\t<\/div>\n\t\t\t\n\t\t\t\t\t\t<div class=\"elementor-icon-box-content\">\n\n\t\t\t\t\t\t\t\t\t<span class=\"elementor-icon-box-title\">\n\t\t\t\t\t\t<span  >\n\t\t\t\t\t\t\tLes mer om produkthjelp\t\t\t\t\t\t<\/span>\n\t\t\t\t\t<\/span>\n\t\t\t\t\n\t\t\t\t\n\t\t\t<\/div>\n\t\t\t\n\t\t<\/div>\n\t\t\t\t\t\t<\/div>\n\t\t\t\t<\/div>\n\t\t\t\t<\/a>\n\t\t\t\t\t<\/div>\n\t\t\t\t<\/div>\n\t\t\t\t<\/div>\n\t\t","protected":false},"excerpt":{"rendered":"<p>Hva kan vi hjelpe deg med? Betaling \/ Faktura Har du sp\u00f8rsm\u00e5l ang\u00e5ende betaling eller faktura? Ring oss &#8211; 400 02 393 Reklamasjon Har du sp\u00f8rsm\u00e5l ang\u00e5ende retur \/ reklamasjon? Les mer om reklamasjon Produkthjelp Fungerer ikke produktene som det skal? Les mer om produkthjelp<\/p>\n","protected":false},"author":1,"featured_media":744,"parent":0,"menu_order":0,"comment_status":"closed","ping_status":"closed","template":"","meta":{"_acf_changed":false,"content-type":"","inline_featured_image":false,"footnotes":""},"class_list":["post-204","page","type-page","status-publish","has-post-thumbnail","hentry"],"acf":[],"_links":{"self":[{"href":"https:\/\/pec.no\/stokke-rorhandel\/wp-json\/wp\/v2\/pages\/204","targetHints":{"allow":["GET"]}}],"collection":[{"href":"https:\/\/pec.no\/stokke-rorhandel\/wp-json\/wp\/v2\/pages"}],"about":[{"href":"https:\/\/pec.no\/stokke-rorhandel\/wp-json\/wp\/v2\/types\/page"}],"author":[{"embeddable":true,"href":"https:\/\/pec.no\/stokke-rorhandel\/wp-json\/wp\/v2\/users\/1"}],"replies":[{"embeddable":true,"href":"https:\/\/pec.no\/stokke-rorhandel\/wp-json\/wp\/v2\/comments?post=204"}],"version-history":[{"count":11,"href":"https:\/\/pec.no\/stokke-rorhandel\/wp-json\/wp\/v2\/pages\/204\/revisions"}],"predecessor-version":[{"id":74324,"href":"https:\/\/pec.no\/stokke-rorhandel\/wp-json\/wp\/v2\/pages\/204\/revisions\/74324"}],"wp:featuredmedia":[{"embeddable":true,"href":"https:\/\/pec.no\/stokke-rorhandel\/wp-json\/wp\/v2\/media\/744"}],"wp:attachment":[{"href":"https:\/\/pec.no\/stokke-rorhandel\/wp-json\/wp\/v2\/media?parent=204"}],"curies":[{"name":"wp","href":"https:\/\/api.w.org\/{rel}","templated":true}]}}