{"id":800,"date":"2024-11-08T14:28:16","date_gmt":"2024-11-08T13:28:16","guid":{"rendered":"https:\/\/pec.no\/nilsen-elektro\/?page_id=800"},"modified":"2025-01-24T16:19:50","modified_gmt":"2025-01-24T15:19:50","slug":"reklamasjon","status":"publish","type":"page","link":"https:\/\/pec.no\/nilsen-elektro\/kundeservice\/reklamasjon\/","title":{"rendered":"Reklamasjon"},"content":{"rendered":"\t\t<div data-elementor-type=\"wp-page\" data-elementor-id=\"800\" class=\"elementor elementor-800\" data-elementor-post-type=\"page\">\n\t\t\t\t<div class=\"elementor-element elementor-element-e74ef8e e-flex e-con-boxed e-con e-parent\" data-id=\"e74ef8e\" data-element_type=\"container\" data-e-type=\"container\">\n\t\t\t\t\t<div class=\"e-con-inner\">\n\t\t<div class=\"elementor-element elementor-element-f95c727 e-con-full e-flex e-con e-child\" data-id=\"f95c727\" data-element_type=\"container\" data-e-type=\"container\">\n\t\t\t\t<div class=\"elementor-element elementor-element-6888232 elementor-position-inline-start elementor-absolute elementor-hidden-mobile elementor-view-default elementor-mobile-position-block-start elementor-widget elementor-widget-icon-box\" data-id=\"6888232\" data-element_type=\"widget\" data-e-type=\"widget\" data-settings=\"{&quot;_position&quot;:&quot;absolute&quot;}\" data-widget_type=\"icon-box.default\">\n\t\t\t\t<div class=\"elementor-widget-container\">\n\t\t\t\t\t\t\t<div class=\"elementor-icon-box-wrapper\">\n\n\t\t\t\t\t\t<div class=\"elementor-icon-box-icon\">\n\t\t\t\t<a href=\"https:\/\/pec.no\/nilsen-elektro\/kundeservice\/\" class=\"elementor-icon\" tabindex=\"-1\" aria-label=\"Tilbake\">\n\t\t\t\t<svg xmlns=\"http:\/\/www.w3.org\/2000\/svg\" width=\"35\" height=\"23\" viewBox=\"0 0 35 23\" fill=\"none\"><g clip-path=\"url(#clip0_145_10249)\"><path d=\"M12.8301 21.4951L2.83008 11.4951L12.8301 1.49512\" stroke=\"black\" stroke-width=\"2\" stroke-miterlimit=\"10\"><\/path><path d=\"M4.63086 11.4952H34.2109\" stroke=\"black\" stroke-width=\"2\" stroke-miterlimit=\"10\"><\/path><\/g><defs><clipPath id=\"clip0_145_10249\"><rect width=\"34.21\" height=\"22.83\" fill=\"white\" transform=\"translate(0 0.085083)\"><\/rect><\/clipPath><\/defs><\/svg>\t\t\t\t<\/a>\n\t\t\t<\/div>\n\t\t\t\n\t\t\t\t\t\t<div class=\"elementor-icon-box-content\">\n\n\t\t\t\t\t\t\t\t\t<h3 class=\"elementor-icon-box-title\">\n\t\t\t\t\t\t<a href=\"https:\/\/pec.no\/nilsen-elektro\/kundeservice\/\" >\n\t\t\t\t\t\t\tTilbake\t\t\t\t\t\t<\/a>\n\t\t\t\t\t<\/h3>\n\t\t\t\t\n\t\t\t\t\n\t\t\t<\/div>\n\t\t\t\n\t\t<\/div>\n\t\t\t\t\t\t<\/div>\n\t\t\t\t<\/div>\n\t\t<div class=\"elementor-element elementor-element-a247109 e-con-full e-flex e-con e-child\" data-id=\"a247109\" data-element_type=\"container\" data-e-type=\"container\">\n\t\t\t\t<div class=\"elementor-element elementor-element-ceae0a0 elementor-position-inline-start elementor-tablet-position-inline-start elementor-mobile-position-inline-start elementor-hidden-desktop elementor-hidden-tablet elementor-view-default elementor-widget elementor-widget-icon-box\" data-id=\"ceae0a0\" data-element_type=\"widget\" data-e-type=\"widget\" data-widget_type=\"icon-box.default\">\n\t\t\t\t<div class=\"elementor-widget-container\">\n\t\t\t\t\t\t\t<div class=\"elementor-icon-box-wrapper\">\n\n\t\t\t\t\t\t<div class=\"elementor-icon-box-icon\">\n\t\t\t\t<a href=\"https:\/\/pec.no\/nilsen-elektro\/kundeservice\/\" class=\"elementor-icon\" tabindex=\"-1\" aria-label=\"Tilbake\">\n\t\t\t\t<svg xmlns=\"http:\/\/www.w3.org\/2000\/svg\" width=\"35\" height=\"23\" viewBox=\"0 0 35 23\" fill=\"none\"><g clip-path=\"url(#clip0_145_10249)\"><path d=\"M12.8301 21.4951L2.83008 11.4951L12.8301 1.49512\" stroke=\"black\" stroke-width=\"2\" stroke-miterlimit=\"10\"><\/path><path d=\"M4.63086 11.4952H34.2109\" stroke=\"black\" stroke-width=\"2\" stroke-miterlimit=\"10\"><\/path><\/g><defs><clipPath id=\"clip0_145_10249\"><rect width=\"34.21\" height=\"22.83\" fill=\"white\" transform=\"translate(0 0.085083)\"><\/rect><\/clipPath><\/defs><\/svg>\t\t\t\t<\/a>\n\t\t\t<\/div>\n\t\t\t\n\t\t\t\t\t\t<div class=\"elementor-icon-box-content\">\n\n\t\t\t\t\t\t\t\t\t<h3 class=\"elementor-icon-box-title\">\n\t\t\t\t\t\t<a href=\"https:\/\/pec.no\/nilsen-elektro\/kundeservice\/\" >\n\t\t\t\t\t\t\tTilbake\t\t\t\t\t\t<\/a>\n\t\t\t\t\t<\/h3>\n\t\t\t\t\n\t\t\t\t\n\t\t\t<\/div>\n\t\t\t\n\t\t<\/div>\n\t\t\t\t\t\t<\/div>\n\t\t\t\t<\/div>\n\t\t\t\t<div class=\"elementor-element elementor-element-5ea03e8 elementor-widget elementor-widget-heading\" data-id=\"5ea03e8\" data-element_type=\"widget\" data-e-type=\"widget\" data-widget_type=\"heading.default\">\n\t\t\t\t<div class=\"elementor-widget-container\">\n\t\t\t\t\t<h1 class=\"elementor-heading-title elementor-size-default\">Reklamasjon<\/h1>\t\t\t\t<\/div>\n\t\t\t\t<\/div>\n\t\t\t\t<div class=\"elementor-element elementor-element-8a2f33d elementor-widget elementor-widget-heading\" data-id=\"8a2f33d\" data-element_type=\"widget\" data-e-type=\"widget\" data-widget_type=\"heading.default\">\n\t\t\t\t<div class=\"elementor-widget-container\">\n\t\t\t\t\t<h2 class=\"elementor-heading-title elementor-size-default\">Har du noe du \u00f8nsker \u00e5 sende inn reklamasjon p\u00e5?<\/h2>\t\t\t\t<\/div>\n\t\t\t\t<\/div>\n\t\t\t\t<\/div>\n\t\t<div class=\"elementor-element elementor-element-2405209 e-con-full e-flex e-con e-child\" data-id=\"2405209\" data-element_type=\"container\" data-e-type=\"container\" data-settings=\"{&quot;background_background&quot;:&quot;classic&quot;}\">\n\t\t\t\t<\/div>\n\t\t\t\t<\/div>\n\t\t\t\t\t<\/div>\n\t\t\t\t<\/div>\n\t\t<div class=\"elementor-element elementor-element-529bd30 e-flex e-con-boxed e-con e-parent\" data-id=\"529bd30\" data-element_type=\"container\" data-e-type=\"container\" data-settings=\"{&quot;background_background&quot;:&quot;classic&quot;}\">\n\t\t\t\t\t<div class=\"e-con-inner\">\n\t\t<div class=\"elementor-element elementor-element-71c424c e-con-full e-flex e-con e-child\" data-id=\"71c424c\" data-element_type=\"container\" data-e-type=\"container\">\n\t\t\t\t<div class=\"elementor-element elementor-element-435ec57 elementor-widget elementor-widget-button\" data-id=\"435ec57\" data-element_type=\"widget\" data-e-type=\"widget\" data-widget_type=\"button.default\">\n\t\t\t\t<div class=\"elementor-widget-container\">\n\t\t\t\t\t\t\t\t\t<div class=\"elementor-button-wrapper\">\n\t\t\t\t\t<a class=\"elementor-button elementor-size-sm\" role=\"button\">\n\t\t\t\t\t\t<span class=\"elementor-button-content-wrapper\">\n\t\t\t\t\t\t\t\t\t<span class=\"elementor-button-text\">Informasjon<\/span>\n\t\t\t\t\t<\/span>\n\t\t\t\t\t<\/a>\n\t\t\t\t<\/div>\n\t\t\t\t\t\t\t\t<\/div>\n\t\t\t\t<\/div>\n\t\t\t\t<\/div>\n\t\t<div class=\"elementor-element elementor-element-b4a3ec4 e-con-full e-flex e-con e-child\" data-id=\"b4a3ec4\" data-element_type=\"container\" data-e-type=\"container\">\n\t\t<div class=\"elementor-element elementor-element-b12ef29 e-con-full e-flex e-con e-child\" data-id=\"b12ef29\" data-element_type=\"container\" data-e-type=\"container\">\n\t\t\t\t<div class=\"elementor-element elementor-element-c3ac007 elementor-widget elementor-widget-heading\" data-id=\"c3ac007\" data-element_type=\"widget\" data-e-type=\"widget\" data-widget_type=\"heading.default\">\n\t\t\t\t<div class=\"elementor-widget-container\">\n\t\t\t\t\t<h2 class=\"elementor-heading-title elementor-size-default\">Fungerer ikke ting som det skal?<\/h2>\t\t\t\t<\/div>\n\t\t\t\t<\/div>\n\t\t\t\t<div class=\"elementor-element elementor-element-da25186 elementor-widget elementor-widget-text-editor\" data-id=\"da25186\" data-element_type=\"widget\" data-e-type=\"widget\" data-widget_type=\"text-editor.default\">\n\t\t\t\t<div class=\"elementor-widget-container\">\n\t\t\t\t\t\t\t\t\t<p>Vi \u00f8nsker at alle v\u00e5re kunder skal v\u00e6re forn\u00f8yde med det vi leverer. Dersom du opplever at noe ikke er som det skal, er det viktig at du gir oss beskjed.<\/p><p>Bruk reklamasjonsskjemaet p\u00e5 denne siden for \u00e5 registrere saken din. N\u00e5r vi har mottatt informasjonen, vil vi raskt ta kontakt og gj\u00f8re v\u00e5rt beste for \u00e5 finne en l\u00f8sning.<\/p><p>Takk for at du hjelper oss med \u00e5 rette opp eventuelle feil!<\/p>\t\t\t\t\t\t\t\t<\/div>\n\t\t\t\t<\/div>\n\t\t\t\t<\/div>\n\t\t<div class=\"elementor-element elementor-element-de49ad7 e-con-full e-flex e-con e-child\" data-id=\"de49ad7\" data-element_type=\"container\" data-e-type=\"container\">\n\t\t<a class=\"elementor-element elementor-element-f2aaeb7 e-con-full e-flex e-con e-child\" data-id=\"f2aaeb7\" data-element_type=\"container\" data-e-type=\"container\" data-settings=\"{&quot;background_background&quot;:&quot;classic&quot;}\" href=\"#elementor-action%3Aaction%3Dpopup%3Aopen%26settings%3DeyJpZCI6IjMwMTMiLCJ0b2dnbGUiOmZhbHNlfQ%3D%3D\">\n\t\t<div class=\"elementor-element elementor-element-97c70d6 e-con-full e-flex e-con e-child\" data-id=\"97c70d6\" data-element_type=\"container\" data-e-type=\"container\" data-settings=\"{&quot;background_background&quot;:&quot;classic&quot;}\">\n\t\t\t\t<\/div>\n\t\t<div class=\"elementor-element elementor-element-25fba04 e-con-full e-flex e-con e-child\" data-id=\"25fba04\" data-element_type=\"container\" data-e-type=\"container\">\n\t\t\t\t<div class=\"elementor-element elementor-element-f752a7f elementor-widget elementor-widget-heading\" data-id=\"f752a7f\" data-element_type=\"widget\" data-e-type=\"widget\" data-widget_type=\"heading.default\">\n\t\t\t\t<div class=\"elementor-widget-container\">\n\t\t\t\t\t<h3 class=\"elementor-heading-title elementor-size-default\">Reklamasjon<\/h3>\t\t\t\t<\/div>\n\t\t\t\t<\/div>\n\t\t\t\t<div class=\"elementor-element elementor-element-f4a3a31 elementor-widget elementor-widget-text-editor\" data-id=\"f4a3a31\" data-element_type=\"widget\" data-e-type=\"widget\" data-widget_type=\"text-editor.default\">\n\t\t\t\t<div class=\"elementor-widget-container\">\n\t\t\t\t\t\t\t\t\t<p>Fungerer ikke produktet som det skal?<\/p><p>Fyll ut reklamasjonsskjema, s\u00e5 hjelper vi deg s\u00e5 fort vi har anledning.<\/p>\t\t\t\t\t\t\t\t<\/div>\n\t\t\t\t<\/div>\n\t\t\t\t<div class=\"elementor-element elementor-element-2041764 elementor-view-default elementor-widget elementor-widget-icon\" data-id=\"2041764\" data-element_type=\"widget\" data-e-type=\"widget\" data-widget_type=\"icon.default\">\n\t\t\t\t<div class=\"elementor-widget-container\">\n\t\t\t\t\t\t\t<div class=\"elementor-icon-wrapper\">\n\t\t\t<div class=\"elementor-icon\">\n\t\t\t<svg xmlns=\"http:\/\/www.w3.org\/2000\/svg\" width=\"35\" height=\"23\" viewBox=\"0 0 35 23\" fill=\"none\"><g clip-path=\"url(#clip0_63_2628)\"><path d=\"M21.3809 1.50513L31.3809 11.5051L21.3809 21.5051\" stroke=\"black\" stroke-width=\"2\" stroke-miterlimit=\"10\"><\/path><path d=\"M29.5801 11.5049L8.01086e-05 11.5049\" stroke=\"black\" stroke-width=\"2\" stroke-miterlimit=\"10\"><\/path><\/g><defs><clipPath id=\"clip0_63_2628\"><rect width=\"34.21\" height=\"22.83\" fill=\"white\" transform=\"translate(34.2109 22.915) rotate(180)\"><\/rect><\/clipPath><\/defs><\/svg>\t\t\t<\/div>\n\t\t<\/div>\n\t\t\t\t\t\t<\/div>\n\t\t\t\t<\/div>\n\t\t\t\t<\/div>\n\t\t\t\t<\/a>\n\t\t\t\t<\/div>\n\t\t\t\t<\/div>\n\t\t\t\t\t<\/div>\n\t\t\t\t<\/div>\n\t\t\t\t<\/div>\n\t\t","protected":false},"excerpt":{"rendered":"<p>Tilbake Tilbake Har du noe du \u00f8nsker \u00e5 sende inn reklamasjon p\u00e5? Informasjon Fungerer ikke ting som det skal? Vi \u00f8nsker at alle v\u00e5re kunder skal v\u00e6re forn\u00f8yde med det vi leverer. Dersom du opplever at noe ikke er som det skal, er det viktig at du gir oss beskjed. Bruk reklamasjonsskjemaet p\u00e5 denne siden [&hellip;]<\/p>\n","protected":false},"author":1,"featured_media":541,"parent":786,"menu_order":0,"comment_status":"closed","ping_status":"closed","template":"","meta":{"_acf_changed":false,"content-type":"","inline_featured_image":false,"footnotes":""},"class_list":["post-800","page","type-page","status-publish","has-post-thumbnail","hentry"],"acf":[],"_links":{"self":[{"href":"https:\/\/pec.no\/nilsen-elektro\/wp-json\/wp\/v2\/pages\/800","targetHints":{"allow":["GET"]}}],"collection":[{"href":"https:\/\/pec.no\/nilsen-elektro\/wp-json\/wp\/v2\/pages"}],"about":[{"href":"https:\/\/pec.no\/nilsen-elektro\/wp-json\/wp\/v2\/types\/page"}],"author":[{"embeddable":true,"href":"https:\/\/pec.no\/nilsen-elektro\/wp-json\/wp\/v2\/users\/1"}],"replies":[{"embeddable":true,"href":"https:\/\/pec.no\/nilsen-elektro\/wp-json\/wp\/v2\/comments?post=800"}],"version-history":[{"count":28,"href":"https:\/\/pec.no\/nilsen-elektro\/wp-json\/wp\/v2\/pages\/800\/revisions"}],"predecessor-version":[{"id":3810,"href":"https:\/\/pec.no\/nilsen-elektro\/wp-json\/wp\/v2\/pages\/800\/revisions\/3810"}],"up":[{"embeddable":true,"href":"https:\/\/pec.no\/nilsen-elektro\/wp-json\/wp\/v2\/pages\/786"}],"wp:featuredmedia":[{"embeddable":true,"href":"https:\/\/pec.no\/nilsen-elektro\/wp-json\/wp\/v2\/media\/541"}],"wp:attachment":[{"href":"https:\/\/pec.no\/nilsen-elektro\/wp-json\/wp\/v2\/media?parent=800"}],"curies":[{"name":"wp","href":"https:\/\/api.w.org\/{rel}","templated":true}]}}