{"id":786,"date":"2024-11-08T13:40:55","date_gmt":"2024-11-08T12:40:55","guid":{"rendered":"https:\/\/pec.no\/nilsen-elektro\/?page_id=786"},"modified":"2024-11-08T16:18:34","modified_gmt":"2024-11-08T15:18:34","slug":"kundeservice","status":"publish","type":"page","link":"https:\/\/pec.no\/nilsen-elektro\/kundeservice\/","title":{"rendered":"Kundeservice"},"content":{"rendered":"\t\t<div data-elementor-type=\"wp-page\" data-elementor-id=\"786\" class=\"elementor elementor-786\" data-elementor-post-type=\"page\">\n\t\t\t\t<div class=\"elementor-element elementor-element-d466dea e-flex e-con-boxed e-con e-parent\" data-id=\"d466dea\" data-element_type=\"container\" data-e-type=\"container\" data-settings=\"{&quot;background_background&quot;:&quot;classic&quot;}\">\n\t\t\t\t\t<div class=\"e-con-inner\">\n\t\t\t\t\t<\/div>\n\t\t\t\t<\/div>\n\t\t<div class=\"elementor-element elementor-element-6dd29ae e-flex e-con-boxed e-con e-parent\" data-id=\"6dd29ae\" data-element_type=\"container\" data-e-type=\"container\">\n\t\t\t\t\t<div class=\"e-con-inner\">\n\t\t<div class=\"elementor-element elementor-element-3a77f0a e-con-full e-flex e-con e-child\" data-id=\"3a77f0a\" data-element_type=\"container\" data-e-type=\"container\" data-settings=\"{&quot;background_background&quot;:&quot;classic&quot;}\">\n\t\t<div class=\"elementor-element elementor-element-be85ab1 e-con-full e-flex e-con e-child\" data-id=\"be85ab1\" data-element_type=\"container\" data-e-type=\"container\">\n\t\t\t\t<div class=\"elementor-element elementor-element-ae17b60 elementor-view-default elementor-widget elementor-widget-icon\" data-id=\"ae17b60\" data-element_type=\"widget\" data-e-type=\"widget\" data-widget_type=\"icon.default\">\n\t\t\t\t<div class=\"elementor-widget-container\">\n\t\t\t\t\t\t\t<div class=\"elementor-icon-wrapper\">\n\t\t\t<div class=\"elementor-icon\">\n\t\t\t<svg xmlns=\"http:\/\/www.w3.org\/2000\/svg\" height=\"24px\" viewBox=\"0 -960 960 960\" width=\"24px\" fill=\"#EC2224\"><path d=\"m480-80-10-120h-10q-142 0-241-99t-99-241q0-142 99-241t241-99q71 0 132.5 26.5t108 73q46.5 46.5 73 108T800-540q0 75-24.5 144t-67 128q-42.5 59-101 107T480-80Zm80-146q71-60 115.5-140.5T720-540q0-109-75.5-184.5T460-800q-109 0-184.5 75.5T200-540q0 109 75.5 184.5T460-280h100v54Zm-101-95q17 0 29-12t12-29q0-17-12-29t-29-12q-17 0-29 12t-12 29q0 17 12 29t29 12Zm-29-127h60q0-30 6-42t38-44q18-18 30-39t12-45q0-51-34.5-76.5T460-720q-44 0-74 24.5T344-636l56 22q5-17 19-33.5t41-16.5q27 0 40.5 15t13.5 33q0 17-10 30.5T480-558q-35 30-42.5 47.5T430-448Zm30-65Z\"><\/path><\/svg>\t\t\t<\/div>\n\t\t<\/div>\n\t\t\t\t\t\t<\/div>\n\t\t\t\t<\/div>\n\t\t\t\t<\/div>\n\t\t<div class=\"elementor-element elementor-element-d78155d e-con-full e-flex e-con e-child\" data-id=\"d78155d\" data-element_type=\"container\" data-e-type=\"container\">\n\t\t\t\t<div class=\"elementor-element elementor-element-bd231b8 elementor-widget elementor-widget-heading\" data-id=\"bd231b8\" data-element_type=\"widget\" data-e-type=\"widget\" data-widget_type=\"heading.default\">\n\t\t\t\t<div class=\"elementor-widget-container\">\n\t\t\t\t\t<h2 class=\"elementor-heading-title elementor-size-default\">Hva kan vi hjelpe deg med?<\/h2>\t\t\t\t<\/div>\n\t\t\t\t<\/div>\n\t\t\t\t<\/div>\n\t\t\t\t<\/div>\n\t\t\t\t\t<\/div>\n\t\t\t\t<\/div>\n\t\t<div class=\"elementor-element elementor-element-3dd3f0d e-flex e-con-boxed e-con e-parent\" data-id=\"3dd3f0d\" data-element_type=\"container\" data-e-type=\"container\" data-settings=\"{&quot;background_background&quot;:&quot;classic&quot;}\">\n\t\t\t\t\t<div class=\"e-con-inner\">\n\t\t<div class=\"elementor-element elementor-element-89ec49a e-con-full e-flex e-con e-child\" data-id=\"89ec49a\" data-element_type=\"container\" data-e-type=\"container\" data-settings=\"{&quot;background_background&quot;:&quot;classic&quot;}\">\n\t\t\t\t<div class=\"elementor-element elementor-element-99195bf elementor-view-default elementor-widget elementor-widget-icon\" data-id=\"99195bf\" data-element_type=\"widget\" data-e-type=\"widget\" data-widget_type=\"icon.default\">\n\t\t\t\t<div class=\"elementor-widget-container\">\n\t\t\t\t\t\t\t<div class=\"elementor-icon-wrapper\">\n\t\t\t<div class=\"elementor-icon\">\n\t\t\t<svg xmlns=\"http:\/\/www.w3.org\/2000\/svg\" height=\"24px\" viewBox=\"0 -960 960 960\" width=\"24px\" fill=\"#EC2224\"><path d=\"M200-800v640-640 200-200Zm80 400h147q11-23 25.5-43t32.5-37H280v80Zm0 160h123q-3-20-3-40t3-40H280v80ZM200-80q-33 0-56.5-23.5T120-160v-640q0-33 23.5-56.5T200-880h320l240 240v92q-19-6-39-9t-41-3v-40H480v-200H200v640h227q11 23 25.5 43T485-80H200Zm480-400q83 0 141.5 58.5T880-280q0 83-58.5 141.5T680-80q-83 0-141.5-58.5T480-280q0-83 58.5-141.5T680-480Zm0 320q11 0 18.5-7.5T706-186q0-11-7.5-18.5T680-212q-11 0-18.5 7.5T654-186q0 11 7.5 18.5T680-160Zm-18-76h36v-10q0-11 6-19.5t14-16.5q14-12 22-23t8-31q0-29-19-46.5T680-400q-23 0-41.5 13.5T612-350l32 14q3-12 12.5-21t23.5-9q15 0 23.5 7.5T712-336q0 11-6 18.5T692-302q-6 6-12.5 12T668-276q-3 6-4.5 12t-1.5 14v14Z\"><\/path><\/svg>\t\t\t<\/div>\n\t\t<\/div>\n\t\t\t\t\t\t<\/div>\n\t\t\t\t<\/div>\n\t\t\t\t<div class=\"elementor-element elementor-element-b8268f4 elementor-widget elementor-widget-heading\" data-id=\"b8268f4\" data-element_type=\"widget\" data-e-type=\"widget\" data-widget_type=\"heading.default\">\n\t\t\t\t<div class=\"elementor-widget-container\">\n\t\t\t\t\t<h2 class=\"elementor-heading-title elementor-size-default\">Betaling \/ Faktura<\/h2>\t\t\t\t<\/div>\n\t\t\t\t<\/div>\n\t\t\t\t<div class=\"elementor-element elementor-element-56fbef5 elementor-widget elementor-widget-text-editor\" data-id=\"56fbef5\" data-element_type=\"widget\" data-e-type=\"widget\" data-widget_type=\"text-editor.default\">\n\t\t\t\t<div class=\"elementor-widget-container\">\n\t\t\t\t\t\t\t\t\t<p>Har du sp\u00f8rsm\u00e5l ang\u00e5ende betaling eller faktura?<\/p>\t\t\t\t\t\t\t\t<\/div>\n\t\t\t\t<\/div>\n\t\t\t\t<div class=\"elementor-element elementor-element-f9efeca elementor-position-inline-end elementor-view-default elementor-mobile-position-block-start elementor-widget elementor-widget-icon-box\" data-id=\"f9efeca\" data-element_type=\"widget\" data-e-type=\"widget\" data-widget_type=\"icon-box.default\">\n\t\t\t\t<div class=\"elementor-widget-container\">\n\t\t\t\t\t\t\t<div class=\"elementor-icon-box-wrapper\">\n\n\t\t\t\t\t\t<div class=\"elementor-icon-box-icon\">\n\t\t\t\t<a href=\"tel:3337700\" class=\"elementor-icon\" tabindex=\"-1\" aria-label=\"Ring oss - 33 04 52 60\">\n\t\t\t\t<svg xmlns=\"http:\/\/www.w3.org\/2000\/svg\" width=\"35\" height=\"23\" viewBox=\"0 0 35 23\" fill=\"none\"><g clip-path=\"url(#clip0_63_2628)\"><path d=\"M21.3809 1.50513L31.3809 11.5051L21.3809 21.5051\" stroke=\"black\" stroke-width=\"2\" stroke-miterlimit=\"10\"><\/path><path d=\"M29.5801 11.5049L8.01086e-05 11.5049\" stroke=\"black\" stroke-width=\"2\" stroke-miterlimit=\"10\"><\/path><\/g><defs><clipPath id=\"clip0_63_2628\"><rect width=\"34.21\" height=\"22.83\" fill=\"white\" transform=\"translate(34.2109 22.915) rotate(180)\"><\/rect><\/clipPath><\/defs><\/svg>\t\t\t\t<\/a>\n\t\t\t<\/div>\n\t\t\t\n\t\t\t\t\t\t<div class=\"elementor-icon-box-content\">\n\n\t\t\t\t\t\t\t\t\t<span class=\"elementor-icon-box-title\">\n\t\t\t\t\t\t<a href=\"tel:3337700\" >\n\t\t\t\t\t\t\tRing oss - 33 04 52 60\t\t\t\t\t\t<\/a>\n\t\t\t\t\t<\/span>\n\t\t\t\t\n\t\t\t\t\n\t\t\t<\/div>\n\t\t\t\n\t\t<\/div>\n\t\t\t\t\t\t<\/div>\n\t\t\t\t<\/div>\n\t\t\t\t<\/div>\n\t\t<a class=\"elementor-element elementor-element-d93c857 e-con-full e-flex e-con e-child\" data-id=\"d93c857\" data-element_type=\"container\" data-e-type=\"container\" data-settings=\"{&quot;background_background&quot;:&quot;classic&quot;}\" href=\"https:\/\/pec.no\/nilsen-elektro\/kundeservice\/reklamasjon\/\">\n\t\t\t\t<div class=\"elementor-element elementor-element-ce1deaf elementor-view-default elementor-widget elementor-widget-icon\" data-id=\"ce1deaf\" data-element_type=\"widget\" data-e-type=\"widget\" data-widget_type=\"icon.default\">\n\t\t\t\t<div class=\"elementor-widget-container\">\n\t\t\t\t\t\t\t<div class=\"elementor-icon-wrapper\">\n\t\t\t<div class=\"elementor-icon\">\n\t\t\t<svg xmlns=\"http:\/\/www.w3.org\/2000\/svg\" height=\"24px\" viewBox=\"0 -960 960 960\" width=\"24px\" fill=\"#EC2224\"><path d=\"M280-160 80-360l200-200 56 57-103 103h287v80H233l103 103-56 57Zm400-240-56-57 103-103H440v-80h287L624-743l56-57 200 200-200 200Z\"><\/path><\/svg>\t\t\t<\/div>\n\t\t<\/div>\n\t\t\t\t\t\t<\/div>\n\t\t\t\t<\/div>\n\t\t\t\t<div class=\"elementor-element elementor-element-bd87386 elementor-widget elementor-widget-heading\" data-id=\"bd87386\" data-element_type=\"widget\" data-e-type=\"widget\" data-widget_type=\"heading.default\">\n\t\t\t\t<div class=\"elementor-widget-container\">\n\t\t\t\t\t<h2 class=\"elementor-heading-title elementor-size-default\">Reklamasjon<\/h2>\t\t\t\t<\/div>\n\t\t\t\t<\/div>\n\t\t\t\t<div class=\"elementor-element elementor-element-1581dfe elementor-widget elementor-widget-text-editor\" data-id=\"1581dfe\" data-element_type=\"widget\" data-e-type=\"widget\" data-widget_type=\"text-editor.default\">\n\t\t\t\t<div class=\"elementor-widget-container\">\n\t\t\t\t\t\t\t\t\t<p>Har du sp\u00f8rsm\u00e5l ang\u00e5ende retur \/ reklamasjon?<\/p>\t\t\t\t\t\t\t\t<\/div>\n\t\t\t\t<\/div>\n\t\t\t\t<div class=\"elementor-element elementor-element-1f90d9f elementor-position-inline-end elementor-view-default elementor-mobile-position-block-start elementor-widget elementor-widget-icon-box\" data-id=\"1f90d9f\" data-element_type=\"widget\" data-e-type=\"widget\" data-widget_type=\"icon-box.default\">\n\t\t\t\t<div class=\"elementor-widget-container\">\n\t\t\t\t\t\t\t<div class=\"elementor-icon-box-wrapper\">\n\n\t\t\t\t\t\t<div class=\"elementor-icon-box-icon\">\n\t\t\t\t<span  class=\"elementor-icon\">\n\t\t\t\t<svg xmlns=\"http:\/\/www.w3.org\/2000\/svg\" width=\"35\" height=\"23\" viewBox=\"0 0 35 23\" fill=\"none\"><g clip-path=\"url(#clip0_63_2628)\"><path d=\"M21.3809 1.50513L31.3809 11.5051L21.3809 21.5051\" stroke=\"black\" stroke-width=\"2\" stroke-miterlimit=\"10\"><\/path><path d=\"M29.5801 11.5049L8.01086e-05 11.5049\" stroke=\"black\" stroke-width=\"2\" stroke-miterlimit=\"10\"><\/path><\/g><defs><clipPath id=\"clip0_63_2628\"><rect width=\"34.21\" height=\"22.83\" fill=\"white\" transform=\"translate(34.2109 22.915) rotate(180)\"><\/rect><\/clipPath><\/defs><\/svg>\t\t\t\t<\/span>\n\t\t\t<\/div>\n\t\t\t\n\t\t\t\t\t\t<div class=\"elementor-icon-box-content\">\n\n\t\t\t\t\t\t\t\t\t<span class=\"elementor-icon-box-title\">\n\t\t\t\t\t\t<span  >\n\t\t\t\t\t\t\tLes mer om reklamasjon\t\t\t\t\t\t<\/span>\n\t\t\t\t\t<\/span>\n\t\t\t\t\n\t\t\t\t\n\t\t\t<\/div>\n\t\t\t\n\t\t<\/div>\n\t\t\t\t\t\t<\/div>\n\t\t\t\t<\/div>\n\t\t\t\t<\/a>\n\t\t<a class=\"elementor-element elementor-element-20ae698 e-con-full e-flex e-con e-child\" data-id=\"20ae698\" data-element_type=\"container\" data-e-type=\"container\" data-settings=\"{&quot;background_background&quot;:&quot;classic&quot;}\" href=\"https:\/\/pec.no\/nilsen-elektro\/kundeservice\/produkthjelp\/\">\n\t\t\t\t<div class=\"elementor-element elementor-element-d586ef0 elementor-view-default elementor-widget elementor-widget-icon\" data-id=\"d586ef0\" data-element_type=\"widget\" data-e-type=\"widget\" data-widget_type=\"icon.default\">\n\t\t\t\t<div class=\"elementor-widget-container\">\n\t\t\t\t\t\t\t<div class=\"elementor-icon-wrapper\">\n\t\t\t<div class=\"elementor-icon\">\n\t\t\t<svg xmlns=\"http:\/\/www.w3.org\/2000\/svg\" height=\"24px\" viewBox=\"0 -960 960 960\" width=\"24px\" fill=\"#EC2224\"><path d=\"M660-160h40v-160h-40v160Zm20-200q8 0 14-6t6-14q0-8-6-14t-14-6q-8 0-14 6t-6 14q0 8 6 14t14 6ZM200-800v640-640 200-200Zm80 400h147q11-23 25.5-43t32.5-37H280v80Zm0 160h123q-3-20-3-40t3-40H280v80ZM200-80q-33 0-56.5-23.5T120-160v-640q0-33 23.5-56.5T200-880h320l240 240v92q-19-6-39-9t-41-3v-40H480v-200H200v640h227q11 23 25.5 43T485-80H200Zm480-400q83 0 141.5 58.5T880-280q0 83-58.5 141.5T680-80q-83 0-141.5-58.5T480-280q0-83 58.5-141.5T680-480Z\"><\/path><\/svg>\t\t\t<\/div>\n\t\t<\/div>\n\t\t\t\t\t\t<\/div>\n\t\t\t\t<\/div>\n\t\t\t\t<div class=\"elementor-element elementor-element-8efbe5a elementor-widget elementor-widget-heading\" data-id=\"8efbe5a\" data-element_type=\"widget\" data-e-type=\"widget\" data-widget_type=\"heading.default\">\n\t\t\t\t<div class=\"elementor-widget-container\">\n\t\t\t\t\t<h2 class=\"elementor-heading-title elementor-size-default\">Produkthjelp<\/h2>\t\t\t\t<\/div>\n\t\t\t\t<\/div>\n\t\t\t\t<div class=\"elementor-element elementor-element-346eb9e elementor-widget elementor-widget-text-editor\" data-id=\"346eb9e\" data-element_type=\"widget\" data-e-type=\"widget\" data-widget_type=\"text-editor.default\">\n\t\t\t\t<div class=\"elementor-widget-container\">\n\t\t\t\t\t\t\t\t\t<p>Fungerer ikke produktene som det skal?<\/p>\t\t\t\t\t\t\t\t<\/div>\n\t\t\t\t<\/div>\n\t\t\t\t<div class=\"elementor-element elementor-element-1d64237 elementor-position-inline-end elementor-view-default elementor-mobile-position-block-start elementor-widget elementor-widget-icon-box\" data-id=\"1d64237\" data-element_type=\"widget\" data-e-type=\"widget\" data-widget_type=\"icon-box.default\">\n\t\t\t\t<div class=\"elementor-widget-container\">\n\t\t\t\t\t\t\t<div class=\"elementor-icon-box-wrapper\">\n\n\t\t\t\t\t\t<div class=\"elementor-icon-box-icon\">\n\t\t\t\t<span  class=\"elementor-icon\">\n\t\t\t\t<svg xmlns=\"http:\/\/www.w3.org\/2000\/svg\" width=\"35\" height=\"23\" viewBox=\"0 0 35 23\" fill=\"none\"><g clip-path=\"url(#clip0_63_2628)\"><path d=\"M21.3809 1.50513L31.3809 11.5051L21.3809 21.5051\" stroke=\"black\" stroke-width=\"2\" stroke-miterlimit=\"10\"><\/path><path d=\"M29.5801 11.5049L8.01086e-05 11.5049\" stroke=\"black\" stroke-width=\"2\" stroke-miterlimit=\"10\"><\/path><\/g><defs><clipPath id=\"clip0_63_2628\"><rect width=\"34.21\" height=\"22.83\" fill=\"white\" transform=\"translate(34.2109 22.915) rotate(180)\"><\/rect><\/clipPath><\/defs><\/svg>\t\t\t\t<\/span>\n\t\t\t<\/div>\n\t\t\t\n\t\t\t\t\t\t<div class=\"elementor-icon-box-content\">\n\n\t\t\t\t\t\t\t\t\t<span class=\"elementor-icon-box-title\">\n\t\t\t\t\t\t<span  >\n\t\t\t\t\t\t\tLes mer om produkthjelp\t\t\t\t\t\t<\/span>\n\t\t\t\t\t<\/span>\n\t\t\t\t\n\t\t\t\t\n\t\t\t<\/div>\n\t\t\t\n\t\t<\/div>\n\t\t\t\t\t\t<\/div>\n\t\t\t\t<\/div>\n\t\t\t\t<\/a>\n\t\t\t\t\t<\/div>\n\t\t\t\t<\/div>\n\t\t\t\t<\/div>\n\t\t","protected":false},"excerpt":{"rendered":"<p>Hva kan vi hjelpe deg med? Betaling \/ Faktura Har du sp\u00f8rsm\u00e5l ang\u00e5ende betaling eller faktura? Ring oss &#8211; 33 04 52 60 Reklamasjon Har du sp\u00f8rsm\u00e5l ang\u00e5ende retur \/ reklamasjon? Les mer om reklamasjon Produkthjelp Fungerer ikke produktene som det skal? Les mer om produkthjelp<\/p>\n","protected":false},"author":1,"featured_media":754,"parent":0,"menu_order":0,"comment_status":"closed","ping_status":"closed","template":"","meta":{"_acf_changed":false,"content-type":"","inline_featured_image":false,"footnotes":""},"class_list":["post-786","page","type-page","status-publish","has-post-thumbnail","hentry"],"acf":[],"_links":{"self":[{"href":"https:\/\/pec.no\/nilsen-elektro\/wp-json\/wp\/v2\/pages\/786","targetHints":{"allow":["GET"]}}],"collection":[{"href":"https:\/\/pec.no\/nilsen-elektro\/wp-json\/wp\/v2\/pages"}],"about":[{"href":"https:\/\/pec.no\/nilsen-elektro\/wp-json\/wp\/v2\/types\/page"}],"author":[{"embeddable":true,"href":"https:\/\/pec.no\/nilsen-elektro\/wp-json\/wp\/v2\/users\/1"}],"replies":[{"embeddable":true,"href":"https:\/\/pec.no\/nilsen-elektro\/wp-json\/wp\/v2\/comments?post=786"}],"version-history":[{"count":19,"href":"https:\/\/pec.no\/nilsen-elektro\/wp-json\/wp\/v2\/pages\/786\/revisions"}],"predecessor-version":[{"id":944,"href":"https:\/\/pec.no\/nilsen-elektro\/wp-json\/wp\/v2\/pages\/786\/revisions\/944"}],"wp:featuredmedia":[{"embeddable":true,"href":"https:\/\/pec.no\/nilsen-elektro\/wp-json\/wp\/v2\/media\/754"}],"wp:attachment":[{"href":"https:\/\/pec.no\/nilsen-elektro\/wp-json\/wp\/v2\/media?parent=786"}],"curies":[{"name":"wp","href":"https:\/\/api.w.org\/{rel}","templated":true}]}}